{"id":5180,"date":"2017-09-20T15:45:19","date_gmt":"2017-09-20T14:45:19","guid":{"rendered":"http:\/\/timewarp.at\/backup-as-a-service\/"},"modified":"2023-02-13T13:25:03","modified_gmt":"2023-02-13T12:25:03","slug":"backup-as-a-service","status":"publish","type":"page","link":"https:\/\/timewarp.at\/en\/solutions\/backup-as-a-service\/","title":{"rendered":"Backup as a Service"},"content":{"rendered":"<p>    .custom-color.bla_{<br \/>\n        background: # !important;<br \/>\n    }<\/p>\n<section class=\"custom-color bla_ section  section-white\">\n<div class=\"flex  container\">\n<div class=\"flex-item flex-item-12\">\n<div class=\"special-heading \">\n<h1 class=\"special-heading-title font-semi-bold\">\n\t\t\t\tSecure Data Storage on high-availability Storage\t\t\t<\/h1>\n<\/div>\n<\/div>\n<div class=\"flex-item flex-item-12\">\n<div class=\"text-block\">\n<p>&nbsp;<\/p>\n<p>Surely your company also has sensitive data that you need to store safely. But what happens if your systems fail? How fast can the data actually be restored? Can you really ensure the continuity of business after a failure?<\/p>\n<p>&nbsp;<\/p>\n<\/div>\n<\/div>\n<div class=\"flex-item flex-item-12\">\n<div class=\"special-heading \">\n<h1 class=\"special-heading-title font-semi-bold\">\n\t\t\t\tTimewarp Backup as a Service \t\t\t<\/h1>\n<\/div>\n<\/div>\n<div class=\"flex-item flex-item-12\">\n<div class=\"text-block\">\n<p>&nbsp;<\/p>\n<p>The Timewarp Backup as a Service solution is the answer to these questions. Because it enables secure and scalable storage and fast recovery of your business-critical data in Austrian data centers. And at least as important: Timewarp Backup as a Service guarantees the encrypted transmission and storage of your data.<\/p>\n<\/div>\n<\/div><\/div>\n<\/section>\n<p>    .custom-color.bla_{<br \/>\n        background: # !important;<br \/>\n    }<\/p>\n<section class=\"custom-color bla_ section  section-white\">\n<div class=\"flex  container\">\n<div class=\"flex-item flex-item-3\">\n<p>    .grey-box.blank_{<br \/>\n        background: # !important;<br \/>\n    }<\/p>\n<div class=\"grey-box-wrapper\">\n<div class=\"grey-box blank_\">\n<h1 class=\"grey-box-heading\">Fast<\/h1>\n<div class=\"grey-box-content\">\n<p><strong>Fast Restore<\/strong><\/p>\n<p>In the event of a disaster, your data is recovered through fast storage in an external data center.<\/p>\n<\/p><\/div>\n<\/p><\/div>\n<\/p><\/div>\n<p>\t  \t<img class=\"media-image img-responsive\" \/><\/p>\n<\/div>\n<div class=\"flex-item flex-item-3\">\n<p>\t  \t<img class=\"media-image img-responsive\" \/><\/p>\n<p>    .grey-box.blank_{<br \/>\n        background: # !important;<br \/>\n    }<\/p>\n<div class=\"grey-box-wrapper\">\n<div class=\"grey-box blank_\">\n<h1 class=\"grey-box-heading\">Encoded<\/h1>\n<div class=\"grey-box-content\">\n<p><strong>Security for your Data<\/strong><\/p>\n<p id=\"tw-target-text\" class=\"tw-data-text tw-ta tw-text-small\" dir=\"ltr\"><span lang=\"en\">Your data is encrypted before transmission. The connections between the servers are protected by firewalls.<\/span><\/p>\n<\/p><\/div>\n<\/p><\/div>\n<\/p><\/div>\n<\/div>\n<div class=\"flex-item flex-item-3\">\n<p>    .grey-box.blank_{<br \/>\n        background: # !important;<br \/>\n    }<\/p>\n<div class=\"grey-box-wrapper\">\n<div class=\"grey-box blank_\">\n<h1 class=\"grey-box-heading\">Failsafe<\/h1>\n<div class=\"grey-box-content\">\n<div id=\"tw-target-text-container\" class=\"gsrt tw-ta-container tw-nfl\">\n<p id=\"tw-target-text\" class=\"tw-data-text tw-ta tw-text-medium\" dir=\"ltr\"><strong><span lang=\"en\">Guaranteed availability<\/span><\/strong><\/p>\n<p class=\"tw-data-text tw-ta tw-text-medium\" lang=\"en\">Ensure the availability of your business processes and minimize potential threats from cyber attacks or other outages.<\/p>\n<\/div><\/div>\n<\/p><\/div>\n<\/p><\/div>\n<p>\t  \t<img class=\"media-image img-responsive\" \/><\/p>\n<\/div><\/div>\n<\/section>\n<p>    .custom-color.bla_{<br \/>\n        background: # !important;<br \/>\n    }<\/p>\n<section class=\"custom-color bla_ section  section-secondary-light\">\n<div class=\"flex  container\">\n<div class=\"flex-item flex-item-12\">\n<div class=\"text-block\">\n<h1 id=\"tw-target-text\" class=\"tw-data-text tw-ta tw-text-medium\" style=\"text-align: center\"><span lang=\"en\" style=\"color: #ffffff\">Give Crypto Trojans no chance!<\/span><\/h1>\n<h5 id=\"tw-target-text\" class=\"tw-data-text tw-ta tw-text-small\" style=\"text-align: center\"><span lang=\"en\" style=\"color: #ffffff\">Protect your business from a failure by the encrypted and secured backup as a service solution from TIMEWARP with restore from an external data center.<\/span><\/h5>\n<p>&nbsp;<\/p>\n<\/div>\n<\/div><\/div>\n<\/section>\n<p>    .custom-color.bla_{<br \/>\n        background: # !important;<br \/>\n    }<\/p>\n<section class=\"custom-color bla_ section  section-white\">\n<div class=\"flex  container\">\n<div class=\"flex-item flex-item-12\">\n<div class=\"text-block\">\n<h2 style=\"text-align: center\">The solution with Veeam Cloud Connect<\/h2>\n<p>&nbsp;<\/p>\n<p>&nbsp;<\/p>\n<\/div>\n<\/div>\n<div class=\"flex-item flex-item-6\">\n<div class=\"text-block\">\n<p id=\"tw-target-text\" class=\"tw-data-text tw-ta tw-text-small\" dir=\"ltr\"><span lang=\"en\">Together with <a href=\"https:\/\/www.veeam.com\/\">Veeam<\/a> we offer a special backup as a service. Veeam partners can outsource their data very easily, encrypted and compressed to the Timewarp data center. Timewarp provides the Cloud Connect infrastructure. Payment is based on the number of secured VMs and the volume of data consumed.<\/span><\/p>\n<\/div>\n<\/div>\n<div class=\"flex-item flex-item-6\">\n<div class=\"text-block\">\n<div id=\"tw-target-text-container\" class=\"gsrt tw-ta-container tw-nfl\">\n<p id=\"tw-target-text\" class=\"tw-data-text tw-ta tw-text-small\" dir=\"ltr\"><span lang=\"en\">Simply select TIMEWARP as a backup location on the existing customer management interface, and the data will be stored in a highly secure data center on a fault-tolerant storage system. If necessary, the virtual servers can also be booted up again on a fast storage. (Disaster recovery as a service)<\/span><\/p>\n<\/div>\n<\/div>\n<\/div>\n<div class=\"flex-item flex-item-9\">\n<p>\t  \t<img class=\"media-image img-responsive\" \/><\/p>\n<\/div><\/div>\n<\/section>\n<p>    .custom-color.bla_{<br \/>\n        background: # !important;<br \/>\n    }<\/p>\n<section class=\"custom-color bla_ section  section-white\">\n<div class=\"flex  container\">\n<div class=\"flex-item flex-item-6\">\n<p>\t  \t<img class=\"media-image img-responsive\" \/><\/p>\n<\/div>\n<div class=\"flex-item flex-item-6\">\n<p>    .grey-box.blank_F6F6F6{<br \/>\n        background: #F6F6F6 !important;<br \/>\n    }<\/p>\n<div class=\"grey-box-wrapper\">\n<div class=\"grey-box blank_F6F6F6\">\n<h1 class=\"grey-box-heading\">Rainer Schneemayer, Timewarp<\/h1>\n<div class=\"grey-box-content\">\n<p>Our experts ensure that your data is always available. Do you have questions? Then contact me!<\/p>\n<\/p><\/div>\n<\/p><\/div>\n<\/p><\/div>\n<div class=\"contact-box contact-box-grey   \">\n<div class=\"contact-box-float-part\">\n<div class=\"contact-box-item\">\n<div class=\"contact-box-icon\">\n\t\t\t\t<img decoding=\"async\" src=\"http:\/\/timewarp.at\/wp-content\/themes\/Timewarp\/assets\/img\/mail-icon.png\" class=\"img-responsive\" \/>\n\t\t\t<\/div>\n<div class=\"contact-box-content\">\n\t\t\t\t<span class=\"contact-box-value\">sales@timewarp.at<\/span>\n\t\t\t<\/div>\n<\/p><\/div>\n<div class=\"contact-box-item\">\n<div class=\"contact-box-icon\">\n\t\t\t\t<img decoding=\"async\" src=\"http:\/\/timewarp.at\/wp-content\/themes\/Timewarp\/assets\/img\/phone-icon.png\" class=\"img-responsive\" \/>\n\t\t\t<\/div>\n<div class=\"contact-box-content\">\n\t\t\t\t\t\t\t\t\t<span class=\"contact-box-value\">+43 664 337 38 21<\/span>\n\t\t\t\t\t\t\t<\/div>\n<\/p><\/div>\n<\/p><\/div>\n<\/p><\/div>\n<\/div><\/div>\n<\/section>\n<p>    .custom-color.bla_{<br \/>\n        background: # !important;<br \/>\n    }<\/p>\n<section class=\"custom-color bla_ section  section-white\">\n<div class=\"flex  container\">\n<div class=\"flex-item flex-item-12\">\n<div class=\"contact-form-wrapper contact-form-light-grey\">\n<h2 class=\"contact-form-heading text-center\">Email Inquiry<\/h2>\n<div role=\"form\" class=\"wpcf7\" id=\"wpcf7-f4976-o1\" lang=\"en-US\" dir=\"ltr\">\n<div class=\"screen-reader-response\"><\/div>\n<form action=\"\/wp-admin\/post.php#wpcf7-f4976-o1\" method=\"post\" class=\"wpcf7-form\">\n<div>\n<\/div>\n<div class=\"flex\">\n<div class=\"flex-item flex-item-6\">\n<div class=\"form-section-main-heading\">\n<h6>Personal Data<\/h6>\n<\/div>\n<div class=\"form-row\">\n<div class=\"form-field-group form-field-group-1-2\">\n<label>Name<\/label><br \/>\n<span class=\"wpcf7-form-control-wrap vorname\"><\/span>\n<\/div>\n<div class=\"form-field-group form-field-group-1-2\">\n<label>Family Name<\/label><br \/>\n<span class=\"wpcf7-form-control-wrap nachname\"><\/span>\n<\/div>\n<\/div>\n<div class=\"form-row\">\n<div class=\"form-field-group form-field-group-1-1\">\n<label>Email Adress<\/label><br \/>\n<span class=\"wpcf7-form-control-wrap email\"><\/span>\n<\/div>\n<\/div>\n<div class=\"form-row\">\n<div class=\"form-field-group form-field-group-1-1\">\n<label>Phone Number<\/label><br \/>\n<span class=\"wpcf7-form-control-wrap telefon\"><\/span>\n<\/div>\n<\/div>\n<\/div>\n<div class=\"flex-item flex-item-6\">\n<div class=\"form-section-main-heading\">\n<h6>How can we help you?<\/h6>\n<\/div>\n<div class=\"form-row\">\n<div class=\"form-field-group form-field-group-1-1\">\n<label>Message<\/label><br \/>\n<span class=\"wpcf7-form-control-wrap message\"><textarea name=\"message\" cols=\"40\" rows=\"13\" class=\"wpcf7-form-control wpcf7-textarea wpcf7-validates-as-required\"><\/textarea><\/span>\n<\/div>\n<\/div>\n<\/div>\n<\/div>\n<div class=\"form-row\">\n<div class=\"form-field-group no-border form-field-group-1-1\">\n        <span class=\"wpcf7-form-control-wrap checkbox-426\"><span class=\"wpcf7-form-control wpcf7-checkbox wpcf7-validates-as-required\"><span class=\"wpcf7-list-item first last\"><span class=\"wpcf7-list-item-label\">I confirm that my personal data may be stored by Timewarp IT Consulting GmbH for the purpose of answering the request and for the duration of the request.<\/span><\/span><\/span><\/span>\n    <\/div>\n<\/div>\n<div class=\"form-row\">\n<div class=\"form-field-group form-field-group-1-1\">\n<div class=\"wpcf7-form-control-wrap\">\n<div class=\"wpcf7-form-control g-recaptcha wpcf7-recaptcha\"><\/div>\n<div style=\"width: 302px;height: 422px\">\n<div style=\"width: 302px;height: 422px\">\n<div style=\"width: 302px;height: 422px\"><\/div>\n<div style=\"width: 300px;height: 60px;border-style: none;margin: 0px;padding: 0px;background: #f9f9f9;border: 1px solid #c1c1c1\">\n\t\t\t\t<textarea id=\"g-recaptcha-response\" name=\"g-recaptcha-response\" class=\"g-recaptcha-response\" style=\"width: 250px;height: 40px;border: 1px solid #c1c1c1;margin: 10px 25px;padding: 0px\"><br \/>\n\t\t\t\t<\/textarea>\n\t\t\t<\/div>\n<\/p><\/div>\n<\/p><\/div>\n<\/div>\n<\/div>\n<\/div>\n<div class=\"form-row\">\n<div class=\"form-field-group form-field-group-1-1 text-center\">\n<\/div>\n<\/div>\n<\/div>\n<div class=\"wpcf7-response-output wpcf7-display-none\"><\/div>\n<\/form>\n<\/div>\n<\/div>\n<\/div><\/div>\n<\/section>\n<p>    .custom-color.bla_{<br \/>\n        background: # !important;<br \/>\n    }<\/p>\n<section class=\"custom-color bla_ section  section-white\">\n<div class=\"flex  container\">\n<div class=\"flex-item flex-item-12\">\n<div class=\"divider-center text-center\">\n<div class=\"divider divider-three\">\n\t\t\t<span class=\"divider-line\"><\/span><br \/>\n\t\t\t<span class=\"divider-line\"><\/span><br \/>\n\t\t\t<span class=\"divider-line\"><\/span>\n\t\t<\/div>\n<\/p><\/div>\n<\/div><\/div>\n<\/section>\n<p>    .custom-color.bla_{<br \/>\n        background: # !important;<br \/>\n    }<\/p>\n<section class=\"custom-color bla_ section  section-white\">\n<div class=\"flex  container\">\n<div class=\"flex-item flex-item-12\">\n<div class=\"special-heading text-center\">\n<h1 class=\"special-heading-title font-semi-bold\">\n\t\t\t\tYou might also be interested in\t\t\t<\/h1>\n<\/div>\n<\/div><\/div>\n<\/section>\n<p>    .custom-color.bla_{<br \/>\n        background: # !important;<br \/>\n    }<\/p>\n<section class=\"custom-color bla_ section  section-white\">\n<div class=\"flex  container\">\n<div class=\"flex-item flex-item-3\">\n<div class=\"product-box\">\n\t\t\t\t\t\t<a href=\"https:\/\/timewarp.at\/en\/cloud-storage-und-datenschutz\/\" target=\"_blank\" rel=\"noopener\"><\/p>\n<p>\t\t  \t<img class=\"img-responsive\" \/><\/p>\n<p>\t\t\t\t\t<\/a><\/p>\n<h3 class=\"product-box-title font-semi-bold\">\n\t\t\t\t\t<a href=\"https:\/\/timewarp.at\/en\/cloud-storage-und-datenschutz\/\" target=\"_blank\" rel=\"noopener\"><br \/>\n\t\t\t\t\tHow to store your Data safely\t\t\t\t\t<\/a><br \/>\n\t\t\t\t<\/h3>\n<div class=\"product-box-content\">\n<div id=\"tw-target-text-container\" class=\"gsrt tw-ta-container tw-nfl\">\n<p id=\"tw-target-text\" class=\"tw-data-text tw-ta tw-text-small\" dir=\"ltr\"><span lang=\"en\">Undoubtedly cloud storage platforms such as e.g. Dropbox, Google Drive or OneDrive handy. From any device, you can always and everywhere access his files and make them available to friends and colleagues as needed. Cloud storage in recent years has &#8230;<\/span><\/p>\n<\/div><\/div>\n<\/p><\/div>\n<p><a href=\"http:\/\/timewarp.at\/cloud-storage-und-datenschutz\/?lang=en\" target=\"_self\" class=\"button button-md button-primary\" rel=\"noopener\"><br \/>\n\tRead more<\/a>\n<\/div>\n<div class=\"flex-item flex-item-3\">\n<div class=\"product-box\">\n<p>\t\t  \t<img class=\"img-responsive\" \/><\/p>\n<h3 class=\"product-box-title font-semi-bold\">\n\t\t\t\t\tSecure Data Exchange\t\t\t\t<\/h3>\n<div class=\"product-box-content\">\n<p id=\"tw-target-text\" class=\"tw-data-text tw-ta tw-text-small\" dir=\"ltr\"><span lang=\"en\">Achieve DSGVO compliance when sharing data with your customers, clients, employees or patients. <\/span><\/p>\n<p class=\"tw-data-text tw-ta tw-text-small\" dir=\"ltr\"><span lang=\"en\">How? &#8211; With the file sharing solution Sharebox by Timewarp. Encrypt critical data easily and make sure your data stays in Austria&#8230;<\/span><\/p>\n<\/p><\/div>\n<\/p><\/div>\n<p><a href=\"http:\/\/timewarp.at\/dsgvo-compliance-beim-austausch\/?lang=en\" target=\"_self\" class=\"button button-md button-primary\" rel=\"noopener\"><br \/>\n\tRead more<\/a>\n<\/div>\n<div class=\"flex-item flex-item-3\">\n<div class=\"product-box\">\n<p>\t\t  \t<img class=\"img-responsive\" \/><\/p>\n<h3 class=\"product-box-title font-semi-bold\">\n\t\t\t\t\tIs your IT fit for GDPR?\t\t\t\t<\/h3>\n<div class=\"product-box-content\">\n<div id=\"tw-target-text-container\" class=\"gsrt tw-ta-container tw-nfl\">\n<p id=\"tw-target-text\" class=\"tw-data-text tw-ta tw-text-small\" dir=\"ltr\"><span lang=\"en\">In your company, you process personal data in the sense of the GDPR and you are uncertain in which areas the GDPR is relevant for you? We advise you gladly and subject your IT to a fitness test.<\/span><\/p>\n<\/div><\/div>\n<\/p><\/div>\n<p><a href=\"http:\/\/timewarp.at\/dsgvo-beratung\/?lang=en\" target=\"_self\" class=\"button button-md button-primary\" rel=\"noopener\"><br \/>\n\tRead more<\/a>\n<\/div>\n<\/p><\/div>\n<\/section>\n<p><!-- 0cceacf9d8af84a686521bd5e9d60590 --><\/p>\n","protected":false},"excerpt":{"rendered":"<p>.custom-color.bla_{ background: # !important; } Secure Data Storage on high-availability Storage &nbsp; Surely your company also has sensitive data that you need to store safely. But what happens if your systems fail? How fast can the data actually be restored? Can you really ensure the continuity of business after a failure? &nbsp; Timewarp Backup as [&hellip;]<\/p>\n","protected":false},"author":28,"featured_media":4358,"parent":37911,"menu_order":0,"comment_status":"closed","ping_status":"closed","template":"","meta":{"footnotes":""},"class_list":["post-5180","page","type-page","status-publish","has-post-thumbnail","hentry"],"yoast_head":"<!-- This site is optimized with the Yoast SEO plugin v27.2 - https:\/\/yoast.com\/product\/yoast-seo-wordpress\/ -->\n<title>Backup for SME - Data 100% in Austria - Timewarp<\/title>\n<meta name=\"description\" content=\"Backup as a Service from TIMEWARP with Veeam Cloud Connect - secure data storage on highly available storage - fail-safe and encrypted.\" \/>\n<meta name=\"robots\" content=\"index, follow, max-snippet:-1, max-image-preview:large, max-video-preview:-1\" \/>\n<link rel=\"canonical\" href=\"https:\/\/timewarp.at\/en\/solutions\/backup-as-a-service\/\" \/>\n<meta property=\"og:locale\" content=\"en_US\" \/>\n<meta property=\"og:type\" content=\"article\" \/>\n<meta property=\"og:title\" content=\"Backup for SME - Data 100% in Austria - Timewarp\" \/>\n<meta property=\"og:description\" content=\"Backup as a Service von TIMEWARP mit Veeam Cloud Connect - sichere Datenablage auf hochverf\u00fcgbarer Storage - ausfallsicher und verschl\u00fcsselt. Daten liegen in \u00d6sterreich.\" \/>\n<meta property=\"og:url\" content=\"https:\/\/timewarp.at\/en\/solutions\/backup-as-a-service\/\" \/>\n<meta property=\"og:site_name\" content=\"Timewarp\" \/>\n<meta property=\"article:publisher\" content=\"https:\/\/www.facebook.com\/TimewarpIT\/\" \/>\n<meta property=\"article:modified_time\" content=\"2023-02-13T12:25:03+00:00\" \/>\n<meta property=\"og:image\" content=\"https:\/\/timewarp.at\/wp-content\/uploads\/2016\/06\/backup.jpg\" \/>\n\t<meta property=\"og:image:width\" content=\"1920\" \/>\n\t<meta property=\"og:image:height\" content=\"676\" \/>\n\t<meta property=\"og:image:type\" content=\"image\/jpeg\" \/>\n<meta name=\"twitter:card\" content=\"summary_large_image\" \/>\n<meta name=\"twitter:description\" content=\"Backup as a Service von TIMEWARP mit Veeam Cloud Connect - sichere Datenablage auf hochverf\u00fcgbarer Storage - ausfallsicher und verschl\u00fcsselt. Daten liegen in \u00d6sterreich.\" \/>\n<meta name=\"twitter:site\" content=\"@TimewarpIT\" \/>\n<meta name=\"twitter:label1\" content=\"Est. reading time\" \/>\n\t<meta name=\"twitter:data1\" content=\"6 minutes\" \/>\n<script type=\"application\/ld+json\" class=\"yoast-schema-graph\">{\"@context\":\"https:\/\/schema.org\",\"@graph\":[{\"@type\":\"WebPage\",\"@id\":\"https:\/\/timewarp.at\/en\/solutions\/backup-as-a-service\/\",\"url\":\"https:\/\/timewarp.at\/en\/solutions\/backup-as-a-service\/\",\"name\":\"Backup for SME - Data 100% in Austria - Timewarp\",\"isPartOf\":{\"@id\":\"https:\/\/timewarp.at\/en\/#website\"},\"primaryImageOfPage\":{\"@id\":\"https:\/\/timewarp.at\/en\/solutions\/backup-as-a-service\/#primaryimage\"},\"image\":{\"@id\":\"https:\/\/timewarp.at\/en\/solutions\/backup-as-a-service\/#primaryimage\"},\"thumbnailUrl\":\"https:\/\/timewarp.at\/wp-content\/uploads\/2016\/06\/backup.jpg\",\"datePublished\":\"2017-09-20T14:45:19+00:00\",\"dateModified\":\"2023-02-13T12:25:03+00:00\",\"description\":\"Backup as a Service from TIMEWARP with Veeam Cloud Connect - secure data storage on highly available storage - fail-safe and encrypted.\",\"breadcrumb\":{\"@id\":\"https:\/\/timewarp.at\/en\/solutions\/backup-as-a-service\/#breadcrumb\"},\"inLanguage\":\"en-US\",\"potentialAction\":[{\"@type\":\"ReadAction\",\"target\":[\"https:\/\/timewarp.at\/en\/solutions\/backup-as-a-service\/\"]}]},{\"@type\":\"ImageObject\",\"inLanguage\":\"en-US\",\"@id\":\"https:\/\/timewarp.at\/en\/solutions\/backup-as-a-service\/#primaryimage\",\"url\":\"https:\/\/timewarp.at\/wp-content\/uploads\/2016\/06\/backup.jpg\",\"contentUrl\":\"https:\/\/timewarp.at\/wp-content\/uploads\/2016\/06\/backup.jpg\",\"width\":1920,\"height\":676},{\"@type\":\"BreadcrumbList\",\"@id\":\"https:\/\/timewarp.at\/en\/solutions\/backup-as-a-service\/#breadcrumb\",\"itemListElement\":[{\"@type\":\"ListItem\",\"position\":1,\"name\":\"Startseite\",\"item\":\"https:\/\/timewarp.at\/en\/\"},{\"@type\":\"ListItem\",\"position\":2,\"name\":\"Cloud Computing Solutions\",\"item\":\"https:\/\/timewarp.at\/en\/solutions\/\"},{\"@type\":\"ListItem\",\"position\":3,\"name\":\"Backup as a Service\"}]},{\"@type\":\"WebSite\",\"@id\":\"https:\/\/timewarp.at\/en\/#website\",\"url\":\"https:\/\/timewarp.at\/en\/\",\"name\":\"Timewarp\",\"description\":\"Cloud Services aus \u00d6sterreich\",\"publisher\":{\"@id\":\"https:\/\/timewarp.at\/en\/#organization\"},\"potentialAction\":[{\"@type\":\"SearchAction\",\"target\":{\"@type\":\"EntryPoint\",\"urlTemplate\":\"https:\/\/timewarp.at\/en\/?s={search_term_string}\"},\"query-input\":{\"@type\":\"PropertyValueSpecification\",\"valueRequired\":true,\"valueName\":\"search_term_string\"}}],\"inLanguage\":\"en-US\"},{\"@type\":\"Organization\",\"@id\":\"https:\/\/timewarp.at\/en\/#organization\",\"name\":\"TIMEWARP IT Consulting GmbH\",\"url\":\"https:\/\/timewarp.at\/en\/\",\"logo\":{\"@type\":\"ImageObject\",\"inLanguage\":\"en-US\",\"@id\":\"https:\/\/timewarp.at\/en\/#\/schema\/logo\/image\/\",\"url\":\"https:\/\/timewarp.at\/wp-content\/uploads\/2016\/09\/timewarp-frei.gif\",\"contentUrl\":\"https:\/\/timewarp.at\/wp-content\/uploads\/2016\/09\/timewarp-frei.gif\",\"width\":905,\"height\":174,\"caption\":\"TIMEWARP IT Consulting GmbH\"},\"image\":{\"@id\":\"https:\/\/timewarp.at\/en\/#\/schema\/logo\/image\/\"},\"sameAs\":[\"https:\/\/www.facebook.com\/TimewarpIT\/\",\"https:\/\/x.com\/TimewarpIT\",\"https:\/\/www.instagram.com\/timewarpit1150\/\",\"https:\/\/www.linkedin.com\/company-beta\/6288781\/admin\/updates\/\",\"https:\/\/www.xing.com\/pages\/timewarpitconsultinggmbh\"]}]}<\/script>\n<!-- \/ Yoast SEO plugin. -->","yoast_head_json":{"title":"Backup for SME - Data 100% in Austria - Timewarp","description":"Backup as a Service from TIMEWARP with Veeam Cloud Connect - secure data storage on highly available storage - fail-safe and encrypted.","robots":{"index":"index","follow":"follow","max-snippet":"max-snippet:-1","max-image-preview":"max-image-preview:large","max-video-preview":"max-video-preview:-1"},"canonical":"https:\/\/timewarp.at\/en\/solutions\/backup-as-a-service\/","og_locale":"en_US","og_type":"article","og_title":"Backup for SME - Data 100% in Austria - Timewarp","og_description":"Backup as a Service von TIMEWARP mit Veeam Cloud Connect - sichere Datenablage auf hochverf\u00fcgbarer Storage - ausfallsicher und verschl\u00fcsselt. Daten liegen in \u00d6sterreich.","og_url":"https:\/\/timewarp.at\/en\/solutions\/backup-as-a-service\/","og_site_name":"Timewarp","article_publisher":"https:\/\/www.facebook.com\/TimewarpIT\/","article_modified_time":"2023-02-13T12:25:03+00:00","og_image":[{"width":1920,"height":676,"url":"https:\/\/timewarp.at\/wp-content\/uploads\/2016\/06\/backup.jpg","type":"image\/jpeg"}],"twitter_card":"summary_large_image","twitter_description":"Backup as a Service von TIMEWARP mit Veeam Cloud Connect - sichere Datenablage auf hochverf\u00fcgbarer Storage - ausfallsicher und verschl\u00fcsselt. Daten liegen in \u00d6sterreich.","twitter_site":"@TimewarpIT","twitter_misc":{"Est. reading time":"6 minutes"},"schema":{"@context":"https:\/\/schema.org","@graph":[{"@type":"WebPage","@id":"https:\/\/timewarp.at\/en\/solutions\/backup-as-a-service\/","url":"https:\/\/timewarp.at\/en\/solutions\/backup-as-a-service\/","name":"Backup for SME - Data 100% in Austria - Timewarp","isPartOf":{"@id":"https:\/\/timewarp.at\/en\/#website"},"primaryImageOfPage":{"@id":"https:\/\/timewarp.at\/en\/solutions\/backup-as-a-service\/#primaryimage"},"image":{"@id":"https:\/\/timewarp.at\/en\/solutions\/backup-as-a-service\/#primaryimage"},"thumbnailUrl":"https:\/\/timewarp.at\/wp-content\/uploads\/2016\/06\/backup.jpg","datePublished":"2017-09-20T14:45:19+00:00","dateModified":"2023-02-13T12:25:03+00:00","description":"Backup as a Service from TIMEWARP with Veeam Cloud Connect - secure data storage on highly available storage - fail-safe and encrypted.","breadcrumb":{"@id":"https:\/\/timewarp.at\/en\/solutions\/backup-as-a-service\/#breadcrumb"},"inLanguage":"en-US","potentialAction":[{"@type":"ReadAction","target":["https:\/\/timewarp.at\/en\/solutions\/backup-as-a-service\/"]}]},{"@type":"ImageObject","inLanguage":"en-US","@id":"https:\/\/timewarp.at\/en\/solutions\/backup-as-a-service\/#primaryimage","url":"https:\/\/timewarp.at\/wp-content\/uploads\/2016\/06\/backup.jpg","contentUrl":"https:\/\/timewarp.at\/wp-content\/uploads\/2016\/06\/backup.jpg","width":1920,"height":676},{"@type":"BreadcrumbList","@id":"https:\/\/timewarp.at\/en\/solutions\/backup-as-a-service\/#breadcrumb","itemListElement":[{"@type":"ListItem","position":1,"name":"Startseite","item":"https:\/\/timewarp.at\/en\/"},{"@type":"ListItem","position":2,"name":"Cloud Computing Solutions","item":"https:\/\/timewarp.at\/en\/solutions\/"},{"@type":"ListItem","position":3,"name":"Backup as a Service"}]},{"@type":"WebSite","@id":"https:\/\/timewarp.at\/en\/#website","url":"https:\/\/timewarp.at\/en\/","name":"Timewarp","description":"Cloud Services aus \u00d6sterreich","publisher":{"@id":"https:\/\/timewarp.at\/en\/#organization"},"potentialAction":[{"@type":"SearchAction","target":{"@type":"EntryPoint","urlTemplate":"https:\/\/timewarp.at\/en\/?s={search_term_string}"},"query-input":{"@type":"PropertyValueSpecification","valueRequired":true,"valueName":"search_term_string"}}],"inLanguage":"en-US"},{"@type":"Organization","@id":"https:\/\/timewarp.at\/en\/#organization","name":"TIMEWARP IT Consulting GmbH","url":"https:\/\/timewarp.at\/en\/","logo":{"@type":"ImageObject","inLanguage":"en-US","@id":"https:\/\/timewarp.at\/en\/#\/schema\/logo\/image\/","url":"https:\/\/timewarp.at\/wp-content\/uploads\/2016\/09\/timewarp-frei.gif","contentUrl":"https:\/\/timewarp.at\/wp-content\/uploads\/2016\/09\/timewarp-frei.gif","width":905,"height":174,"caption":"TIMEWARP IT Consulting GmbH"},"image":{"@id":"https:\/\/timewarp.at\/en\/#\/schema\/logo\/image\/"},"sameAs":["https:\/\/www.facebook.com\/TimewarpIT\/","https:\/\/x.com\/TimewarpIT","https:\/\/www.instagram.com\/timewarpit1150\/","https:\/\/www.linkedin.com\/company-beta\/6288781\/admin\/updates\/","https:\/\/www.xing.com\/pages\/timewarpitconsultinggmbh"]}]}},"brizy_media":[],"_links":{"self":[{"href":"https:\/\/timewarp.at\/en\/wp-json\/wp\/v2\/pages\/5180","targetHints":{"allow":["GET"]}}],"collection":[{"href":"https:\/\/timewarp.at\/en\/wp-json\/wp\/v2\/pages"}],"about":[{"href":"https:\/\/timewarp.at\/en\/wp-json\/wp\/v2\/types\/page"}],"author":[{"embeddable":true,"href":"https:\/\/timewarp.at\/en\/wp-json\/wp\/v2\/users\/28"}],"replies":[{"embeddable":true,"href":"https:\/\/timewarp.at\/en\/wp-json\/wp\/v2\/comments?post=5180"}],"version-history":[{"count":1,"href":"https:\/\/timewarp.at\/en\/wp-json\/wp\/v2\/pages\/5180\/revisions"}],"predecessor-version":[{"id":64866,"href":"https:\/\/timewarp.at\/en\/wp-json\/wp\/v2\/pages\/5180\/revisions\/64866"}],"up":[{"embeddable":true,"href":"https:\/\/timewarp.at\/en\/wp-json\/wp\/v2\/pages\/37911"}],"wp:featuredmedia":[{"embeddable":true,"href":"https:\/\/timewarp.at\/en\/wp-json\/wp\/v2\/media\/4358"}],"wp:attachment":[{"href":"https:\/\/timewarp.at\/en\/wp-json\/wp\/v2\/media?parent=5180"}],"curies":[{"name":"wp","href":"https:\/\/api.w.org\/{rel}","templated":true}]}}