{"id":5549,"date":"2016-05-27T14:37:57","date_gmt":"2016-05-27T14:37:57","guid":{"rendered":"http:\/\/timewarp.at\/infrastructur\/networking\/vpn\/"},"modified":"2024-10-21T09:53:49","modified_gmt":"2024-10-21T08:53:49","slug":"vpn","status":"publish","type":"page","link":"https:\/\/timewarp.at\/en\/infrastruktur\/networking\/vpn\/","title":{"rendered":"VPN"},"content":{"rendered":"<p>\r\n<style>\r\n    .custom-color.bla_{\r\n        background: # !important;\r\n    }\r\n<\/style>\r\n<section  class=\"custom-color bla_ section  section-white\">\r\n\t<div class=\"flex  container\">\r\n\t\t<div class=\"flex-item flex-item-12\">\n\t\r\n<div class=\"special-heading \">\r\n\t<h1 class=\"special-heading-title font-semi-bold\">\r\n\t\t\t\tVPN Network Service\t\t\t<\/h1>\r\n<\/div><\/div>\n\t<\/div>\r\n<\/section>\r\n<style>\r\n    .custom-color.bla_{\r\n        background: # !important;\r\n    }\r\n<\/style>\r\n<section  class=\"custom-color bla_ section  section-white\">\r\n\t<div class=\"flex  container\">\r\n\t\t<div class=\"flex-item flex-item-6\">\n\t\r\n<div class=\"text-block\">\r\n\t<p>Having a private, secure network (VPN) and using the Internet infrastructure at the same time is the best way for many companies to enjoy the benefits of both worlds. Especially companies with several locations or branches connect their branch offices to the data center with a VPN (Virtual Private Network).<\/p><\/div><\/div>\n<div class=\"flex-item flex-item-6\">\n\t\r\n<div class=\"text-block\">\r\n\t<p>Depending on requirements, the connection can be star or meshed (networking of branch offices with each other).<\/p><p>The data running over it is encrypted in any case.<\/p><\/div><\/div>\n\t<\/div>\r\n<\/section>\r\n<style>\r\n    .custom-color.bla_{\r\n        background: # !important;\r\n    }\r\n<\/style>\r\n<section  class=\"custom-color bla_ section  section-grey\">\r\n\t<div class=\"flex  container\">\r\n\t\t<div class=\"flex-item flex-item-12\">\n\t\r\n<div class=\"special-heading \">\r\n\t<h2 class=\"special-heading-title font-semi-bold\">\r\n\t\t\t\tAdvantages of a VPN\t\t\t<\/h2>\r\n<\/div><\/div>\n\t<\/div>\r\n<\/section>\r\n<style>\r\n    .custom-color.bla_{\r\n        background: # !important;\r\n    }\r\n<\/style>\r\n<section  class=\"custom-color bla_ section  section-grey\">\r\n\t<div class=\"flex  container\">\r\n\t\t<div class=\"flex-item flex-item-12\">\n\t\r\n<div class=\"text-block\">\r\n\t<h3>Security guaranteed: A look at virtual private networks<\/h3><p>&nbsp;<\/p><p>Are you concerned about your online security and privacy? Then you should consider virtual private networks (VPN). In this article, we take an in-depth look at virtual private networks and how they can help you protect your data.<\/p><p>A virtual private network allows you to connect securely to your desired network whether you're in the office, at home or on the move. By using a VPN, your information is encrypted and sent through a secure tunnel, keeping your online activity protected.<\/p><p>The security of data on the internet is of great importance. There are a variety of threats that can be encountered online, such as identity theft, hacking and data loss. These threats can have serious consequences and lead to significant financial damage and the loss of sensitive information.<\/p><p>&nbsp;<\/p><h3>How does a virtual private network (VPN) work?<\/h3><p>&nbsp;<\/p><p>A virtual private network (VPN) allows you to establish a secure connection to a remote server and access the Internet from there. When you connect to a VPN, all your internet traffic is routed through the VPN's encrypted tunnel. This means that your data is protected from prying eyes and cannot be viewed by third parties.<\/p><\/div><\/div>\n\t<\/div>\r\n<\/section>\r\n<style>\r\n    .custom-color.bla_{\r\n        background: # !important;\r\n    }\r\n<\/style>\r\n<section  class=\"custom-color bla_ section  section-white\">\r\n\t<div class=\"flex  container\">\r\n\t\t<div class=\"flex-item flex-item-12\">\n\t\r\n<div class=\"special-heading \">\r\n\t<h2 class=\"special-heading-title font-semi-bold\">\r\n\t\t\t\tThe Structure of a VPN\t\t\t<\/h2>\r\n<\/div><\/div>\n<div class=\"flex-item flex-item-12\">\n\t\r\n<div class=\"text-block\">\r\n\t<p>&nbsp;<\/p><p>A star VPN (star VPN) and a mesh VPN (mesh VPN) are two different approaches to networking multiple locations or networks. Both have their specific advantages and disadvantages, depending on the requirements and structure of the network. Here are the main advantages of each approach:<\/p><p>&nbsp;<\/p><h3>Advantages of a Star-VPN:<\/h3><p>&nbsp;<\/p><h4>Central Administration and Control<\/h4><p>In a Star VPN, all data traffic is routed via a central hub (usually a main location or a central VPN server). This makes it easy to monitor and manage network traffic, as all data flows through a central point.<\/p><p>&nbsp;<\/p><h4>Easy Implementation and Scalability:<\/h4><p>Setting up a Star VPN is relatively simple, as only the connections between the endpoints and the central hub need to be configured. New locations or users can easily be added by simply connecting to the central hub.<\/p><p>&nbsp;<\/p><h4>Cost Control:<\/h4><p>As all locations are connected via a central point, bandwidth planning and monitoring is simpler, which helps to control costs. Only one high-performance connection is required at the central hub, while the connections at the end points do not need to be as powerful.<\/p><p>&nbsp;<\/p><h4>Easy Troubleshooting:<\/h4><p>As the network is centralized, problems can be identified and rectified more quickly as all connections are monitored from a single point.<\/p><p>&nbsp;<\/p><h3>Advantages of a Meshed-VPN:<\/h3><p>&nbsp;<\/p><h4>High Redundancy and Reliability:<\/h4><p>In a meshed VPN, all locations are directly connected to each other, so there is no dependency on a central hub. If a node (a site) fails, the remaining nodes can continue to communicate directly with each other. This increases network stability and reduces downtime.<\/p><p>&nbsp;<\/p><h4>Optimized network performance:<\/h4><p>As communication takes place directly between the sites, data traffic can choose the shortest and most efficient route, which can lead to better performance and lower latency. This is particularly beneficial for applications that require low latency, such as VoIP or real-time data transfers.<\/p><p>&nbsp;<\/p><h4>Scalability for distributed networks:<\/h4><p>A meshed VPN is well suited for companies or organizations with many distributed locations that often need to communicate with each other. It enables direct and efficient communication between locations without a central point becoming a bottleneck.<\/p><p>&nbsp;<\/p><h4>Loadbalancing:<\/h4><p>The network load is distributed over several connections instead of routing everything via a central point. This prevents individual connections from being overloaded and can improve overall network performance.<\/p><\/div><\/div>\n\t<\/div>\r\n<\/section>\r\n<style>\r\n    .custom-color.bla_{\r\n        background: # !important;\r\n    }\r\n<\/style>\r\n<section  class=\"custom-color bla_ section  section-white\">\r\n\t<div class=\"flex  container\">\r\n\t\t<div class=\"flex-item flex-item-12\">\n\t\r\n\t\t<picture>\r\n\t  \t<source srcset=\"\/\/timewarp.at\/wp-content\/uploads\/2016\/05\/vpn-arch.png\" media=\"(min-width: 1200px)\" class=\"media-image img-responsive\" \/>\r\n\t  \t<source srcset=\"\/\/timewarp.at\/wp-content\/uploads\/2016\/05\/vpn-arch.png\" media=\"(min-width: 992px)\" class=\"media-image img-responsive\" \/>\r\n\t  \t<source srcset=\"\/\/timewarp.at\/wp-content\/uploads\/2016\/05\/vpn-arch.png\" media=\"(min-width: 468px)\" \/>\r\n\t  \t<source srcset=\"\/\/timewarp.at\/wp-content\/uploads\/2016\/05\/vpn-arch.png\" media=\"(min-width: 480px)\" \/>\r\n\t  \t<source srcset=\"\/\/timewarp.at\/wp-content\/uploads\/2016\/05\/vpn-arch.png\" media=\"(min-width: 100px)\" \/>\r\n\t  \t<img srcset=\"\/\/timewarp.at\/wp-content\/uploads\/2016\/05\/vpn-arch.png\" class=\"media-image img-responsive\" \/>\r\n\t<\/picture>\r\n<\/div>\n\t<\/div>\r\n<\/section>\r\n<style>\r\n    .custom-color.bla_{\r\n        background: # !important;\r\n    }\r\n<\/style>\r\n<section  class=\"custom-color bla_ section section-no-padding section-white\">\r\n\t<div class=\"flex  container\">\r\n\t\t<div class=\"flex-item flex-item-6\">\n\t\r\n<div class=\"text-block\">\r\n\t<p style=\"text-align: center;\">Communication via Star VPN connections always runs via the control center.<\/p><\/div><\/div>\n<div class=\"flex-item flex-item-6\">\n\t\r\n<div class=\"text-block\">\r\n\t<p style=\"text-align: center;\">VPN connections are possible with the head office and also directly between the branches.<\/p><\/div><\/div>\n\t<\/div>\r\n<\/section>\r\n<style>\r\n    .custom-color.bla_{\r\n        background: # !important;\r\n    }\r\n<\/style>\r\n<section  class=\"custom-color bla_ section  section-white\">\r\n\t<div class=\"flex  container\">\r\n\t\t<div class=\"flex-item flex-item-12\">\n\t\r\n<div class=\"special-heading \">\r\n\t<h3 class=\"special-heading-title font-semi-bold\">\r\n\t\t\t\tHybrid Cloud\t\t\t<\/h3>\r\n<\/div><\/div>\n<div class=\"flex-item flex-item-12\">\n\t\r\n<div class=\"text-block\">\r\n\t<p>&nbsp;<\/p><p>VPN connections can also be used in hybrid cloud applications to establish a secure connection between the onprem shares and the public or private cloud.<\/p><\/div><\/div>\n\t<\/div>\r\n<\/section>\r\n<style>\r\n    .custom-color.bla_{\r\n        background: # !important;\r\n    }\r\n<\/style>\r\n<section  class=\"custom-color bla_ section  section-white\">\r\n\t<div class=\"flex  container\">\r\n\t\t<div class=\"flex-item flex-item-12\">\n\t\r\n\t\t<picture>\r\n\t  \t<source srcset=\"\/\/timewarp.at\/wp-content\/uploads\/2016\/05\/hybrid-cloud-graphic.jpg\" media=\"(min-width: 1200px)\" class=\"media-image img-responsive\" \/>\r\n\t  \t<source srcset=\"\/\/timewarp.at\/wp-content\/uploads\/2016\/05\/hybrid-cloud-graphic.jpg\" media=\"(min-width: 992px)\" class=\"media-image img-responsive\" \/>\r\n\t  \t<source srcset=\"\/\/timewarp.at\/wp-content\/uploads\/2016\/05\/hybrid-cloud-graphic.jpg\" media=\"(min-width: 468px)\" \/>\r\n\t  \t<source srcset=\"\/\/timewarp.at\/wp-content\/uploads\/2016\/05\/hybrid-cloud-graphic.jpg\" media=\"(min-width: 480px)\" \/>\r\n\t  \t<source srcset=\"\/\/timewarp.at\/wp-content\/uploads\/2016\/05\/hybrid-cloud-graphic.jpg\" media=\"(min-width: 100px)\" \/>\r\n\t  \t<img srcset=\"\/\/timewarp.at\/wp-content\/uploads\/2016\/05\/hybrid-cloud-graphic.jpg\" class=\"media-image img-responsive\" \/>\r\n\t<\/picture>\r\n<\/div>\n\t<\/div>\r\n<\/section>\r\n<style>\r\n    .custom-color.bla_{\r\n        background: # !important;\r\n    }\r\n<\/style>\r\n<section  class=\"custom-color bla_ section section-no-padding section-white\">\r\n\t<div class=\"flex  container\">\r\n\t\t<div class=\"flex-item flex-item-12\">\n\t\r\n<div class=\"text-block\">\r\n\t<p style=\"text-align: center;\">VPN connections are also popular for on-premise<br \/>variants in a hybrid cloud.<\/p><\/div><\/div>\n\t<\/div>\r\n<\/section>\r\n<style>\r\n    .custom-color.bla_{\r\n        background: # !important;\r\n    }\r\n<\/style>\r\n<section  class=\"custom-color bla_ section section-no-padding section-white\">\r\n\t<div class=\"flex  container-fluid\">\r\n\t\t<div class=\"flex-item flex-item-12\">\n\t\n\t<div class=\"contact-box-blank\"><\/div>\n\n<div class=\"contact-box contact-box-grey   \">\n\t<div class=\"contact-box-float-part\">\n\t\t\t\t<div class=\"contact-box-item\">\n\t\t\t<div class=\"contact-box-icon\">\n\t\t\t\t<img decoding=\"async\" src=\"https:\/\/timewarp.at\/wp-content\/themes\/Timewarp\/assets\/img\/mail-icon.png\" class=\"img-responsive\" \/>\n\t\t\t<\/div>\n\t\t\t<div class=\"contact-box-content\">\t\t\t\t\n\t\t\t\t<span class=\"contact-box-value\"><a href=\"mailto:sales@timewarp.at\">sales@timewarp.at<\/a><\/span>\n\t\t\t<\/div>\n\t\t<\/div>\n\t\t\t\t\t\t<div class=\"contact-box-item\">\n\t\t\t<div class=\"contact-box-icon\">\n\t\t\t\t<img decoding=\"async\" src=\"https:\/\/timewarp.at\/wp-content\/themes\/Timewarp\/assets\/img\/phone-icon.png\" class=\"img-responsive\" \/>\n\t\t\t<\/div>\n\t\t\t<div class=\"contact-box-content\">\n\t\t\t\t\t\t\t\t\t<span class=\"contact-box-value\"><a href=\"tel:+4314191414203\">+43 1 419 14 14 203<\/a><\/span>\n\t\t\t\t\t\t\t<\/div>\n\t\t<\/div>\n\t\t\t<\/div>\n\n\t\t\t<h4 class=\"contact-box-heading text-center\">We will be happy to advise you and provide you with a non-binding offer.<\/h4>\n\t<\/div><\/div>\n\t<\/div>\r\n<\/section><\/p>\n","protected":false},"excerpt":{"rendered":"<p>VPN Network Service Having a private, secure network (VPN) and using the Internet infrastructure at the same time is the best way for many companies to enjoy the benefits of both worlds. Especially companies with several locations or branches connect their branch offices to the data center with a VPN (Virtual Private Network). Depending on [&hellip;]<\/p>\n","protected":false},"author":28,"featured_media":4160,"parent":5531,"menu_order":0,"comment_status":"closed","ping_status":"closed","template":"","meta":{"footnotes":""},"class_list":["post-5549","page","type-page","status-publish","has-post-thumbnail","hentry"],"yoast_head":"<!-- This site is optimized with the Yoast SEO plugin v27.2 - https:\/\/yoast.com\/product\/yoast-seo-wordpress\/ -->\n<title>Virtual Private Network (VPN) \u00d6sterreich | Timewarp IT<\/title>\n<meta name=\"description\" content=\"Virtual Private Network (VPN) \u00d6sterreich: Verschl\u00fcsselte Star oder meshed VPN Verbindungen zwischen Ihren Standorten. Wir beraten Sie gerne!\" \/>\n<meta name=\"robots\" content=\"index, follow, max-snippet:-1, max-image-preview:large, max-video-preview:-1\" \/>\n<link rel=\"canonical\" href=\"https:\/\/timewarp.at\/en\/infrastruktur\/networking\/vpn\/\" \/>\n<meta property=\"og:locale\" content=\"en_US\" \/>\n<meta property=\"og:type\" content=\"article\" \/>\n<meta property=\"og:title\" content=\"Virtual Private Network (VPN) \u00d6sterreich | Timewarp IT\" \/>\n<meta property=\"og:description\" content=\"Virtual Private Network (VPN) \u00d6sterreich: Verschl\u00fcsselte Star oder meshed VPN Verbindungen zwischen Ihren Standorten. Wir beraten Sie gerne!\" \/>\n<meta property=\"og:url\" content=\"https:\/\/timewarp.at\/en\/infrastruktur\/networking\/vpn\/\" \/>\n<meta property=\"og:site_name\" content=\"Timewarp\" \/>\n<meta property=\"article:publisher\" content=\"https:\/\/www.facebook.com\/TimewarpIT\/\" \/>\n<meta property=\"article:modified_time\" content=\"2024-10-21T08:53:49+00:00\" \/>\n<meta property=\"og:image\" content=\"https:\/\/timewarp.at\/wp-content\/uploads\/2016\/05\/header-direct-link.jpg\" \/>\n\t<meta property=\"og:image:width\" content=\"1920\" \/>\n\t<meta property=\"og:image:height\" content=\"618\" \/>\n\t<meta property=\"og:image:type\" content=\"image\/jpeg\" \/>\n<meta name=\"twitter:card\" content=\"summary_large_image\" \/>\n<meta name=\"twitter:site\" content=\"@TimewarpIT\" \/>\n<meta name=\"twitter:label1\" content=\"Est. reading time\" \/>\n\t<meta name=\"twitter:data1\" content=\"6 minutes\" \/>\n<script type=\"application\/ld+json\" class=\"yoast-schema-graph\">{\"@context\":\"https:\/\/schema.org\",\"@graph\":[{\"@type\":\"WebPage\",\"@id\":\"https:\/\/timewarp.at\/en\/infrastruktur\/networking\/vpn\/\",\"url\":\"https:\/\/timewarp.at\/en\/infrastruktur\/networking\/vpn\/\",\"name\":\"Virtual Private Network (VPN) \u00d6sterreich | Timewarp IT\",\"isPartOf\":{\"@id\":\"https:\/\/timewarp.at\/en\/#website\"},\"primaryImageOfPage\":{\"@id\":\"https:\/\/timewarp.at\/en\/infrastruktur\/networking\/vpn\/#primaryimage\"},\"image\":{\"@id\":\"https:\/\/timewarp.at\/en\/infrastruktur\/networking\/vpn\/#primaryimage\"},\"thumbnailUrl\":\"https:\/\/timewarp.at\/wp-content\/uploads\/2016\/05\/header-direct-link.jpg\",\"datePublished\":\"2016-05-27T14:37:57+00:00\",\"dateModified\":\"2024-10-21T08:53:49+00:00\",\"description\":\"Virtual Private Network (VPN) \u00d6sterreich: Verschl\u00fcsselte Star oder meshed VPN Verbindungen zwischen Ihren Standorten. Wir beraten Sie gerne!\",\"breadcrumb\":{\"@id\":\"https:\/\/timewarp.at\/en\/infrastruktur\/networking\/vpn\/#breadcrumb\"},\"inLanguage\":\"en-US\",\"potentialAction\":[{\"@type\":\"ReadAction\",\"target\":[\"https:\/\/timewarp.at\/en\/infrastruktur\/networking\/vpn\/\"]}]},{\"@type\":\"ImageObject\",\"inLanguage\":\"en-US\",\"@id\":\"https:\/\/timewarp.at\/en\/infrastruktur\/networking\/vpn\/#primaryimage\",\"url\":\"https:\/\/timewarp.at\/wp-content\/uploads\/2016\/05\/header-direct-link.jpg\",\"contentUrl\":\"https:\/\/timewarp.at\/wp-content\/uploads\/2016\/05\/header-direct-link.jpg\",\"width\":1920,\"height\":618,\"caption\":\"Server mieten \u00d6sterreich\"},{\"@type\":\"BreadcrumbList\",\"@id\":\"https:\/\/timewarp.at\/en\/infrastruktur\/networking\/vpn\/#breadcrumb\",\"itemListElement\":[{\"@type\":\"ListItem\",\"position\":1,\"name\":\"Startseite\",\"item\":\"https:\/\/timewarp.at\/en\/\"},{\"@type\":\"ListItem\",\"position\":2,\"name\":\"IT Infrastruktur\",\"item\":\"https:\/\/timewarp.at\/en\/infrastruktur\/\"},{\"@type\":\"ListItem\",\"position\":3,\"name\":\"Networking\",\"item\":\"https:\/\/timewarp.at\/en\/infrastruktur\/networking\/\"},{\"@type\":\"ListItem\",\"position\":4,\"name\":\"VPN\"}]},{\"@type\":\"WebSite\",\"@id\":\"https:\/\/timewarp.at\/en\/#website\",\"url\":\"https:\/\/timewarp.at\/en\/\",\"name\":\"Timewarp\",\"description\":\"Cloud Services aus \u00d6sterreich\",\"publisher\":{\"@id\":\"https:\/\/timewarp.at\/en\/#organization\"},\"potentialAction\":[{\"@type\":\"SearchAction\",\"target\":{\"@type\":\"EntryPoint\",\"urlTemplate\":\"https:\/\/timewarp.at\/en\/?s={search_term_string}\"},\"query-input\":{\"@type\":\"PropertyValueSpecification\",\"valueRequired\":true,\"valueName\":\"search_term_string\"}}],\"inLanguage\":\"en-US\"},{\"@type\":\"Organization\",\"@id\":\"https:\/\/timewarp.at\/en\/#organization\",\"name\":\"TIMEWARP IT Consulting GmbH\",\"url\":\"https:\/\/timewarp.at\/en\/\",\"logo\":{\"@type\":\"ImageObject\",\"inLanguage\":\"en-US\",\"@id\":\"https:\/\/timewarp.at\/en\/#\/schema\/logo\/image\/\",\"url\":\"https:\/\/timewarp.at\/wp-content\/uploads\/2016\/09\/timewarp-frei.gif\",\"contentUrl\":\"https:\/\/timewarp.at\/wp-content\/uploads\/2016\/09\/timewarp-frei.gif\",\"width\":905,\"height\":174,\"caption\":\"TIMEWARP IT Consulting GmbH\"},\"image\":{\"@id\":\"https:\/\/timewarp.at\/en\/#\/schema\/logo\/image\/\"},\"sameAs\":[\"https:\/\/www.facebook.com\/TimewarpIT\/\",\"https:\/\/x.com\/TimewarpIT\",\"https:\/\/www.instagram.com\/timewarpit1150\/\",\"https:\/\/www.linkedin.com\/company-beta\/6288781\/admin\/updates\/\",\"https:\/\/www.xing.com\/pages\/timewarpitconsultinggmbh\"]}]}<\/script>\n<!-- \/ Yoast SEO plugin. -->","yoast_head_json":{"title":"Virtual Private Network (VPN) \u00d6sterreich | Timewarp IT","description":"Virtual Private Network (VPN) \u00d6sterreich: Verschl\u00fcsselte Star oder meshed VPN Verbindungen zwischen Ihren Standorten. Wir beraten Sie gerne!","robots":{"index":"index","follow":"follow","max-snippet":"max-snippet:-1","max-image-preview":"max-image-preview:large","max-video-preview":"max-video-preview:-1"},"canonical":"https:\/\/timewarp.at\/en\/infrastruktur\/networking\/vpn\/","og_locale":"en_US","og_type":"article","og_title":"Virtual Private Network (VPN) \u00d6sterreich | Timewarp IT","og_description":"Virtual Private Network (VPN) \u00d6sterreich: Verschl\u00fcsselte Star oder meshed VPN Verbindungen zwischen Ihren Standorten. Wir beraten Sie gerne!","og_url":"https:\/\/timewarp.at\/en\/infrastruktur\/networking\/vpn\/","og_site_name":"Timewarp","article_publisher":"https:\/\/www.facebook.com\/TimewarpIT\/","article_modified_time":"2024-10-21T08:53:49+00:00","og_image":[{"width":1920,"height":618,"url":"https:\/\/timewarp.at\/wp-content\/uploads\/2016\/05\/header-direct-link.jpg","type":"image\/jpeg"}],"twitter_card":"summary_large_image","twitter_site":"@TimewarpIT","twitter_misc":{"Est. reading time":"6 minutes"},"schema":{"@context":"https:\/\/schema.org","@graph":[{"@type":"WebPage","@id":"https:\/\/timewarp.at\/en\/infrastruktur\/networking\/vpn\/","url":"https:\/\/timewarp.at\/en\/infrastruktur\/networking\/vpn\/","name":"Virtual Private Network (VPN) \u00d6sterreich | Timewarp IT","isPartOf":{"@id":"https:\/\/timewarp.at\/en\/#website"},"primaryImageOfPage":{"@id":"https:\/\/timewarp.at\/en\/infrastruktur\/networking\/vpn\/#primaryimage"},"image":{"@id":"https:\/\/timewarp.at\/en\/infrastruktur\/networking\/vpn\/#primaryimage"},"thumbnailUrl":"https:\/\/timewarp.at\/wp-content\/uploads\/2016\/05\/header-direct-link.jpg","datePublished":"2016-05-27T14:37:57+00:00","dateModified":"2024-10-21T08:53:49+00:00","description":"Virtual Private Network (VPN) \u00d6sterreich: Verschl\u00fcsselte Star oder meshed VPN Verbindungen zwischen Ihren Standorten. Wir beraten Sie gerne!","breadcrumb":{"@id":"https:\/\/timewarp.at\/en\/infrastruktur\/networking\/vpn\/#breadcrumb"},"inLanguage":"en-US","potentialAction":[{"@type":"ReadAction","target":["https:\/\/timewarp.at\/en\/infrastruktur\/networking\/vpn\/"]}]},{"@type":"ImageObject","inLanguage":"en-US","@id":"https:\/\/timewarp.at\/en\/infrastruktur\/networking\/vpn\/#primaryimage","url":"https:\/\/timewarp.at\/wp-content\/uploads\/2016\/05\/header-direct-link.jpg","contentUrl":"https:\/\/timewarp.at\/wp-content\/uploads\/2016\/05\/header-direct-link.jpg","width":1920,"height":618,"caption":"Server mieten \u00d6sterreich"},{"@type":"BreadcrumbList","@id":"https:\/\/timewarp.at\/en\/infrastruktur\/networking\/vpn\/#breadcrumb","itemListElement":[{"@type":"ListItem","position":1,"name":"Startseite","item":"https:\/\/timewarp.at\/en\/"},{"@type":"ListItem","position":2,"name":"IT Infrastruktur","item":"https:\/\/timewarp.at\/en\/infrastruktur\/"},{"@type":"ListItem","position":3,"name":"Networking","item":"https:\/\/timewarp.at\/en\/infrastruktur\/networking\/"},{"@type":"ListItem","position":4,"name":"VPN"}]},{"@type":"WebSite","@id":"https:\/\/timewarp.at\/en\/#website","url":"https:\/\/timewarp.at\/en\/","name":"Timewarp","description":"Cloud Services aus \u00d6sterreich","publisher":{"@id":"https:\/\/timewarp.at\/en\/#organization"},"potentialAction":[{"@type":"SearchAction","target":{"@type":"EntryPoint","urlTemplate":"https:\/\/timewarp.at\/en\/?s={search_term_string}"},"query-input":{"@type":"PropertyValueSpecification","valueRequired":true,"valueName":"search_term_string"}}],"inLanguage":"en-US"},{"@type":"Organization","@id":"https:\/\/timewarp.at\/en\/#organization","name":"TIMEWARP IT Consulting GmbH","url":"https:\/\/timewarp.at\/en\/","logo":{"@type":"ImageObject","inLanguage":"en-US","@id":"https:\/\/timewarp.at\/en\/#\/schema\/logo\/image\/","url":"https:\/\/timewarp.at\/wp-content\/uploads\/2016\/09\/timewarp-frei.gif","contentUrl":"https:\/\/timewarp.at\/wp-content\/uploads\/2016\/09\/timewarp-frei.gif","width":905,"height":174,"caption":"TIMEWARP IT Consulting GmbH"},"image":{"@id":"https:\/\/timewarp.at\/en\/#\/schema\/logo\/image\/"},"sameAs":["https:\/\/www.facebook.com\/TimewarpIT\/","https:\/\/x.com\/TimewarpIT","https:\/\/www.instagram.com\/timewarpit1150\/","https:\/\/www.linkedin.com\/company-beta\/6288781\/admin\/updates\/","https:\/\/www.xing.com\/pages\/timewarpitconsultinggmbh"]}]}},"brizy_media":[],"_links":{"self":[{"href":"https:\/\/timewarp.at\/en\/wp-json\/wp\/v2\/pages\/5549","targetHints":{"allow":["GET"]}}],"collection":[{"href":"https:\/\/timewarp.at\/en\/wp-json\/wp\/v2\/pages"}],"about":[{"href":"https:\/\/timewarp.at\/en\/wp-json\/wp\/v2\/types\/page"}],"author":[{"embeddable":true,"href":"https:\/\/timewarp.at\/en\/wp-json\/wp\/v2\/users\/28"}],"replies":[{"embeddable":true,"href":"https:\/\/timewarp.at\/en\/wp-json\/wp\/v2\/comments?post=5549"}],"version-history":[{"count":6,"href":"https:\/\/timewarp.at\/en\/wp-json\/wp\/v2\/pages\/5549\/revisions"}],"predecessor-version":[{"id":81279,"href":"https:\/\/timewarp.at\/en\/wp-json\/wp\/v2\/pages\/5549\/revisions\/81279"}],"up":[{"embeddable":true,"href":"https:\/\/timewarp.at\/en\/wp-json\/wp\/v2\/pages\/5531"}],"wp:featuredmedia":[{"embeddable":true,"href":"https:\/\/timewarp.at\/en\/wp-json\/wp\/v2\/media\/4160"}],"wp:attachment":[{"href":"https:\/\/timewarp.at\/en\/wp-json\/wp\/v2\/media?parent=5549"}],"curies":[{"name":"wp","href":"https:\/\/api.w.org\/{rel}","templated":true}]}}